{"id":1710,"date":"2021-11-21T15:14:19","date_gmt":"2021-11-21T15:14:19","guid":{"rendered":"https:\/\/processace.fi\/index.php\/about\/"},"modified":"2024-04-04T13:08:40","modified_gmt":"2024-04-04T10:08:40","slug":"yritys-process-ace-oy","status":"publish","type":"page","link":"https:\/\/processace.fi\/es\/yritys-process-ace-oy\/","title":{"rendered":"Empresa"},"content":{"rendered":"<div data-elementor-type=\"wp-page\" data-elementor-id=\"1710\" class=\"elementor elementor-1710\">\n\t\t\t\t<div class=\"elementor-element elementor-element-4094ee7 e-flex e-con-boxed e-con e-parent\" data-id=\"4094ee7\" data-element_type=\"container\" id=\"custom-hero\" data-settings=\"{&quot;background_background&quot;:&quot;classic&quot;}\" data-core-v316-plus=\"true\">\n\t\t\t\t\t<div class=\"e-con-inner\">\n\t\t<div class=\"elementor-element elementor-element-8695738 e-con-full e-flex e-con e-child\" data-id=\"8695738\" data-element_type=\"container\">\n\t\t\t\t<div class=\"elementor-element elementor-element-2646c9c elementor-widget__width-initial elementor-invisible elementor-widget elementor-widget-heading\" data-id=\"2646c9c\" data-element_type=\"widget\" data-settings=\"{&quot;_animation&quot;:&quot;fadeIn&quot;}\" data-widget_type=\"heading.default\">\n\t\t\t\t<div class=\"elementor-widget-container\">\n\t\t\t<style>\/*! elementor - v3.20.0 - 13-03-2024 *\/\n.elementor-heading-title{padding:0;margin:0;line-height:1}.elementor-widget-heading .elementor-heading-title[class*=elementor-size-]>a{color:inherit;font-size:inherit;line-height:inherit}.elementor-widget-heading .elementor-heading-title.elementor-size-small{font-size:15px}.elementor-widget-heading .elementor-heading-title.elementor-size-medium{font-size:19px}.elementor-widget-heading .elementor-heading-title.elementor-size-large{font-size:29px}.elementor-widget-heading .elementor-heading-title.elementor-size-xl{font-size:39px}.elementor-widget-heading .elementor-heading-title.elementor-size-xxl{font-size:59px}<\/style><h1 class=\"elementor-heading-title elementor-size-default\">Combinamos experiencia, calidad y responsabilidad en soluciones eficaces<\/h1>\t\t<\/div>\n\t\t\t\t<\/div>\n\t\t\t\t<\/div>\n\t\t\t\t\t<\/div>\n\t\t\t\t<\/div>\n\t\t<div class=\"elementor-element elementor-element-aa345c0 e-flex e-con-boxed e-con e-parent\" data-id=\"aa345c0\" data-element_type=\"container\" data-settings=\"{&quot;background_background&quot;:&quot;classic&quot;}\" data-core-v316-plus=\"true\">\n\t\t\t\t\t<div class=\"e-con-inner\">\n\t\t\t\t<div class=\"elementor-element elementor-element-61fbabc elementor-widget elementor-widget-text-editor\" data-id=\"61fbabc\" data-element_type=\"widget\" data-widget_type=\"text-editor.default\">\n\t\t\t\t<div class=\"elementor-widget-container\">\n\t\t\t<style>\/*! elementor - v3.20.0 - 13-03-2024 *\/\n.elementor-widget-text-editor.elementor-drop-cap-view-stacked .elementor-drop-cap{background-color:#69727d;color:#fff}.elementor-widget-text-editor.elementor-drop-cap-view-framed .elementor-drop-cap{color:#69727d;border:3px solid;background-color:transparent}.elementor-widget-text-editor:not(.elementor-drop-cap-view-default) .elementor-drop-cap{margin-top:8px}.elementor-widget-text-editor:not(.elementor-drop-cap-view-default) .elementor-drop-cap-letter{width:1em;height:1em}.elementor-widget-text-editor .elementor-drop-cap{float:left;text-align:center;line-height:1;font-size:50px}.elementor-widget-text-editor .elementor-drop-cap-letter{display:inline-block}<\/style>\t\t\t\t\t\t\t\t\t\t<\/div>\n\t\t\t\t<\/div>\n\t\t<div class=\"elementor-element elementor-element-73f3708 e-con-full e-flex e-con e-child\" data-id=\"73f3708\" data-element_type=\"container\">\n\t\t\t\t<div class=\"elementor-element elementor-element-762e8a5 elementor-widget elementor-widget-heading\" data-id=\"762e8a5\" data-element_type=\"widget\" data-widget_type=\"heading.default\">\n\t\t\t\t<div class=\"elementor-widget-container\">\n\t\t\t<h2 class=\"elementor-heading-title elementor-size-default\">Proceso Ace informaci\u00f3n general<\/h2>\t\t<\/div>\n\t\t\t\t<\/div>\n\t\t\t\t<div class=\"elementor-element elementor-element-3d75e20 elementor-widget elementor-widget-text-editor\" data-id=\"3d75e20\" data-element_type=\"widget\" data-widget_type=\"text-editor.default\">\n\t\t\t\t<div class=\"elementor-widget-container\">\n\t\t\t\t\t\t\t<p>Process Ace Oy es una empresa del sector energ\u00e9tico con sede en Tampere, fundada en 2018. Est\u00e1 especializada en la puesta en marcha y la supervisi\u00f3n de instalaciones en las industrias energ\u00e9tica y de la celulosa. Su equipo cuenta con experiencia en el sector que se remonta a la d\u00e9cada de 1980. Actualmente, la empresa tiene una plantilla de 11 empleados.\u00a0<\/p><p>\u00a0<\/p><p>La empresa ofrece una amplia variedad de servicios en gesti\u00f3n de proyectos, supervisi\u00f3n de instalaciones, inspecciones y puesta en marcha. Nuestros profesionales han trabajado a nivel internacional en decenas de pa\u00edses para distintos clientes. Nuestra cartera de clientes est\u00e1 formada principalmente por grandes grupos multinacionales de los sectores de la celulosa y la energ\u00eda, como Valmet Technologies Oy y Andritz Oy.<\/p>\t\t\t\t\t\t<\/div>\n\t\t\t\t<\/div>\n\t\t\t\t<div class=\"elementor-element elementor-element-0d28f78 elementor-align-right elementor-widget__width-auto elementor-invisible elementor-widget elementor-widget-button\" data-id=\"0d28f78\" data-element_type=\"widget\" data-settings=\"{&quot;_animation&quot;:&quot;fadeIn&quot;}\" data-widget_type=\"button.default\">\n\t\t\t\t<div class=\"elementor-widget-container\">\n\t\t\t\t\t<div class=\"elementor-button-wrapper\">\n\t\t\t<a class=\"elementor-button elementor-button-link elementor-size-sm elementor-animation-grow\" href=\"https:\/\/processace.fi\/es\/referenssi\/\">\n\t\t\t\t\t\t<span class=\"elementor-button-content-wrapper\">\n\t\t\t\t\t\t<span class=\"elementor-button-text\">Referencias<\/span>\n\t\t<\/span>\n\t\t\t\t\t<\/a>\n\t\t<\/div>\n\t\t\t\t<\/div>\n\t\t\t\t<\/div>\n\t\t\t\t<\/div>\n\t\t<div class=\"elementor-element elementor-element-4d60df2 e-con-full e-flex e-con e-child\" data-id=\"4d60df2\" data-element_type=\"container\">\n\t\t\t\t<div class=\"elementor-element elementor-element-02571b8 elementor-widget elementor-widget-heading\" data-id=\"02571b8\" data-element_type=\"widget\" data-widget_type=\"heading.default\">\n\t\t\t\t<div class=\"elementor-widget-container\">\n\t\t\t<h2 class=\"elementor-heading-title elementor-size-default\">\u00bfPor qu\u00e9 elegirnos?<\/h2>\t\t<\/div>\n\t\t\t\t<\/div>\n\t\t\t\t<div class=\"elementor-element elementor-element-360f19d elementor-widget elementor-widget-text-editor\" data-id=\"360f19d\" data-element_type=\"widget\" data-widget_type=\"text-editor.default\">\n\t\t\t\t<div class=\"elementor-widget-container\">\n\t\t\t\t\t\t\t<p><b>Conocimientos t\u00e9cnicos:<\/b> Contamos con un equipo altamente cualificado y comprometido, formado por especialistas y profesionales del sector que aportan un s\u00f3lido conocimiento t\u00e9cnico y una visi\u00f3n innovadora.<\/p>\n<p><br><\/p>\n<p><b>Soluciones a medida:<\/b> Entendemos que cada cliente y cada proyecto son \u00fanicos. Ofrecemos soluciones personalizadas que responden exactamente a sus necesidades.<\/p>\n<p><br><\/p>\n<p><b>Un amplio abanico de competencias:<\/b> Somos conocidos por la alta calidad y rentabilidad de nuestros proyectos y ofrecemos una gama de servicios adaptados a sus necesidades.<\/p>\t\t\t\t\t\t<\/div>\n\t\t\t\t<\/div>\n\t\t\t\t<div class=\"elementor-element elementor-element-26ae9a8 elementor-align-left elementor-widget__width-auto elementor-invisible elementor-widget elementor-widget-button\" data-id=\"26ae9a8\" data-element_type=\"widget\" data-settings=\"{&quot;_animation&quot;:&quot;fadeIn&quot;}\" data-widget_type=\"button.default\">\n\t\t\t\t<div class=\"elementor-widget-container\">\n\t\t\t\t\t<div class=\"elementor-button-wrapper\">\n\t\t\t<a class=\"elementor-button elementor-button-link elementor-size-sm elementor-animation-grow\" href=\"https:\/\/processace.fi\/es\/palvelut\/\">\n\t\t\t\t\t\t<span class=\"elementor-button-content-wrapper\">\n\t\t\t\t\t\t<span class=\"elementor-button-text\">Servicios<\/span>\n\t\t<\/span>\n\t\t\t\t\t<\/a>\n\t\t<\/div>\n\t\t\t\t<\/div>\n\t\t\t\t<\/div>\n\t\t\t\t<\/div>\n\t\t\t\t\t<\/div>\n\t\t\t\t<\/div>\n\t\t<div class=\"elementor-element elementor-element-9913187 e-flex e-con-boxed e-con e-parent\" data-id=\"9913187\" data-element_type=\"container\" data-settings=\"{&quot;background_background&quot;:&quot;classic&quot;}\" data-core-v316-plus=\"true\">\n\t\t\t\t\t<div class=\"e-con-inner\">\n\t\t<div class=\"elementor-element elementor-element-0f074f2 e-con-full e-flex e-con e-child\" data-id=\"0f074f2\" data-element_type=\"container\">\n\t\t\t\t<div class=\"elementor-element elementor-element-c2230aa elementor-widget__width-initial elementor-widget elementor-widget-heading\" data-id=\"c2230aa\" data-element_type=\"widget\" data-widget_type=\"heading.default\">\n\t\t\t\t<div class=\"elementor-widget-container\">\n\t\t\t<h2 class=\"elementor-heading-title elementor-size-default\">\u00bfLe interesa?<\/h2>\t\t<\/div>\n\t\t\t\t<\/div>\n\t\t\t\t<div class=\"elementor-element elementor-element-14b235b elementor-widget elementor-widget-text-editor\" data-id=\"14b235b\" data-element_type=\"widget\" data-widget_type=\"text-editor.default\">\n\t\t\t\t<div class=\"elementor-widget-container\">\n\t\t\t\t\t\t\t<p>Construyamos juntos una soluci\u00f3n adecuada para su empresa<\/p>\t\t\t\t\t\t<\/div>\n\t\t\t\t<\/div>\n\t\t\t\t<div class=\"elementor-element elementor-element-4f55473 elementor-align-center e-transform elementor-widget elementor-widget-button\" data-id=\"4f55473\" data-element_type=\"widget\" data-settings=\"{&quot;_transform_skewX_effect_hover&quot;:{&quot;unit&quot;:&quot;px&quot;,&quot;size&quot;:&quot;&quot;,&quot;sizes&quot;:[]},&quot;_transform_skewX_effect_hover_tablet&quot;:{&quot;unit&quot;:&quot;deg&quot;,&quot;size&quot;:&quot;&quot;,&quot;sizes&quot;:[]},&quot;_transform_skewX_effect_hover_mobile&quot;:{&quot;unit&quot;:&quot;deg&quot;,&quot;size&quot;:&quot;&quot;,&quot;sizes&quot;:[]},&quot;_transform_skewY_effect_hover&quot;:{&quot;unit&quot;:&quot;px&quot;,&quot;size&quot;:&quot;&quot;,&quot;sizes&quot;:[]},&quot;_transform_skewY_effect_hover_tablet&quot;:{&quot;unit&quot;:&quot;deg&quot;,&quot;size&quot;:&quot;&quot;,&quot;sizes&quot;:[]},&quot;_transform_skewY_effect_hover_mobile&quot;:{&quot;unit&quot;:&quot;deg&quot;,&quot;size&quot;:&quot;&quot;,&quot;sizes&quot;:[]}}\" data-widget_type=\"button.default\">\n\t\t\t\t<div class=\"elementor-widget-container\">\n\t\t\t\t\t<div class=\"elementor-button-wrapper\">\n\t\t\t<a class=\"elementor-button elementor-button-link elementor-size-sm elementor-animation-grow\" href=\"#\">\n\t\t\t\t\t\t<span class=\"elementor-button-content-wrapper\">\n\t\t\t\t\t\t<span class=\"elementor-button-text\">P\u00f3ngase en contacto con nosotros<\/span>\n\t\t<\/span>\n\t\t\t\t\t<\/a>\n\t\t<\/div>\n\t\t\t\t<\/div>\n\t\t\t\t<\/div>\n\t\t\t\t<\/div>\n\t\t\t\t\t<\/div>\n\t\t\t\t<\/div>\n\t\t\t\t<\/div>","protected":false},"excerpt":{"rendered":"<p>&#8221;Meill\u00e4 asiantuntemus, laatu ja vastuullisuus yhdistyv\u00e4t tehokkaiksi ratkaisuiksi Process Ace yleisesti Process Ace oy on vuonna 2018 perustettu tamperelainen energia-alan yritys. Erityisosaamista ovat energia- ja selluteollisuuden k\u00e4ytt\u00f6\u00f6notto- ja asennusvalvontateht\u00e4v\u00e4t. Yrityksen ty\u00f6ntekij\u00f6ilt\u00e4 l\u00f6ytyy kokemusta alan teht\u00e4vist\u00e4 aina 1980-luvulta saakka. Henkil\u00f6st\u00f6\u00e4 yrityksess\u00e4 on 11.\u00a0 \u00a0 Yritys tarjoaa lukuisia palveluita projektinhoitoon, asennusvalvontaan ja tarkastuksiin, sek\u00e4 k\u00e4ytt\u00f6\u00f6nottoon liittyen. Ty\u00f6ntekij\u00e4mme [&hellip;]<\/p>","protected":false},"author":1,"featured_media":0,"parent":0,"menu_order":0,"comment_status":"closed","ping_status":"closed","template":"","meta":{"site-sidebar-layout":"no-sidebar","site-content-layout":"page-builder","ast-site-content-layout":"full-width-container","site-content-style":"unboxed","site-sidebar-style":"unboxed","ast-global-header-display":"","ast-banner-title-visibility":"","ast-main-header-display":"","ast-hfb-above-header-display":"","ast-hfb-below-header-display":"","ast-hfb-mobile-header-display":"","site-post-title":"disabled","ast-breadcrumbs-content":"","ast-featured-img":"disabled","footer-sml-layout":"","theme-transparent-header-meta":"enabled","adv-header-id-meta":"","stick-header-meta":"","header-above-stick-meta":"","header-main-stick-meta":"","header-below-stick-meta":"","astra-migrate-meta-layouts":"set","ast-page-background-enabled":"default","ast-page-background-meta":{"desktop":{"background-color":"var(--ast-global-color-4)","background-image":"","background-repeat":"repeat","background-position":"center center","background-size":"auto","background-attachment":"scroll","background-type":"","background-media":"","overlay-type":"","overlay-color":"","overlay-gradient":""},"tablet":{"background-color":"","background-image":"","background-repeat":"repeat","background-position":"center center","background-size":"auto","background-attachment":"scroll","background-type":"","background-media":"","overlay-type":"","overlay-color":"","overlay-gradient":""},"mobile":{"background-color":"","background-image":"","background-repeat":"repeat","background-position":"center center","background-size":"auto","background-attachment":"scroll","background-type":"","background-media":"","overlay-type":"","overlay-color":"","overlay-gradient":""}},"ast-content-background-meta":{"desktop":{"background-color":"var(--ast-global-color-5)","background-image":"","background-repeat":"repeat","background-position":"center center","background-size":"auto","background-attachment":"scroll","background-type":"","background-media":"","overlay-type":"","overlay-color":"","overlay-gradient":""},"tablet":{"background-color":"var(--ast-global-color-5)","background-image":"","background-repeat":"repeat","background-position":"center center","background-size":"auto","background-attachment":"scroll","background-type":"","background-media":"","overlay-type":"","overlay-color":"","overlay-gradient":""},"mobile":{"background-color":"var(--ast-global-color-5)","background-image":"","background-repeat":"repeat","background-position":"center center","background-size":"auto","background-attachment":"scroll","background-type":"","background-media":"","overlay-type":"","overlay-color":"","overlay-gradient":""}},"footnotes":""},"yoast_head":"<!-- This site is optimized with the Yoast SEO plugin v22.3 - https:\/\/yoast.com\/wordpress\/plugins\/seo\/ -->\n<title>Yritys - Process Ace Oy - Tamperelainen energiateollisuuden osaaja<\/title>\n<meta name=\"description\" content=\"Tarjoamme palveluita projektinhoitoon, asennusvalvontaan ja tarkastuksiin, sek\u00e4 k\u00e4ytt\u00f6\u00f6nottoon liittyen.\" \/>\n<meta name=\"robots\" content=\"index, follow, max-snippet:-1, max-image-preview:large, max-video-preview:-1\" \/>\n<link rel=\"canonical\" href=\"https:\/\/processace.fi\/es\/yritys-process-ace-oy\/\" \/>\n<meta property=\"og:locale\" content=\"es_ES\" \/>\n<meta property=\"og:type\" content=\"article\" \/>\n<meta property=\"og:title\" content=\"Yritys - Process Ace Oy - Tamperelainen energiateollisuuden osaaja\" \/>\n<meta property=\"og:description\" content=\"Tarjoamme palveluita projektinhoitoon, asennusvalvontaan ja tarkastuksiin, sek\u00e4 k\u00e4ytt\u00f6\u00f6nottoon liittyen.\" \/>\n<meta property=\"og:url\" content=\"https:\/\/processace.fi\/es\/yritys-process-ace-oy\/\" \/>\n<meta property=\"og:site_name\" content=\"processace.fi\" \/>\n<meta property=\"article:modified_time\" content=\"2024-04-04T10:08:40+00:00\" \/>\n<meta name=\"twitter:card\" content=\"summary_large_image\" \/>\n<meta name=\"twitter:label1\" content=\"Tiempo de lectura\" \/>\n\t<meta name=\"twitter:data1\" content=\"1 minuto\" \/>\n<script type=\"application\/ld+json\" class=\"yoast-schema-graph\">{\"@context\":\"https:\/\/schema.org\",\"@graph\":[{\"@type\":\"WebPage\",\"@id\":\"https:\/\/processace.fi\/yritys-process-ace-oy\/\",\"url\":\"https:\/\/processace.fi\/yritys-process-ace-oy\/\",\"name\":\"Yritys - Process Ace Oy - Tamperelainen energiateollisuuden osaaja\",\"isPartOf\":{\"@id\":\"https:\/\/processace.fi\/#website\"},\"datePublished\":\"2021-11-21T15:14:19+00:00\",\"dateModified\":\"2024-04-04T10:08:40+00:00\",\"description\":\"Tarjoamme palveluita projektinhoitoon, asennusvalvontaan ja tarkastuksiin, sek\u00e4 k\u00e4ytt\u00f6\u00f6nottoon liittyen.\",\"breadcrumb\":{\"@id\":\"https:\/\/processace.fi\/yritys-process-ace-oy\/#breadcrumb\"},\"inLanguage\":\"es\",\"potentialAction\":[{\"@type\":\"ReadAction\",\"target\":[\"https:\/\/processace.fi\/yritys-process-ace-oy\/\"]}]},{\"@type\":\"BreadcrumbList\",\"@id\":\"https:\/\/processace.fi\/yritys-process-ace-oy\/#breadcrumb\",\"itemListElement\":[{\"@type\":\"ListItem\",\"position\":1,\"name\":\"Etusivu\",\"item\":\"https:\/\/processace.fi\/\"},{\"@type\":\"ListItem\",\"position\":2,\"name\":\"Yritys\"}]},{\"@type\":\"WebSite\",\"@id\":\"https:\/\/processace.fi\/#website\",\"url\":\"https:\/\/processace.fi\/\",\"name\":\"processace.fi\",\"description\":\"Process Ace | Energia- ja Selluteollisuuden ammattilainen\",\"publisher\":{\"@id\":\"https:\/\/processace.fi\/#organization\"},\"potentialAction\":[{\"@type\":\"SearchAction\",\"target\":{\"@type\":\"EntryPoint\",\"urlTemplate\":\"https:\/\/processace.fi\/?s={search_term_string}\"},\"query-input\":\"required name=search_term_string\"}],\"inLanguage\":\"es\"},{\"@type\":\"Organization\",\"@id\":\"https:\/\/processace.fi\/#organization\",\"name\":\"processace.fi\",\"url\":\"https:\/\/processace.fi\/\",\"logo\":{\"@type\":\"ImageObject\",\"inLanguage\":\"es\",\"@id\":\"https:\/\/processace.fi\/#\/schema\/logo\/image\/\",\"url\":\"https:\/\/processace.fi\/wp-content\/uploads\/2024\/03\/Process-Ace-1.png\",\"contentUrl\":\"https:\/\/processace.fi\/wp-content\/uploads\/2024\/03\/Process-Ace-1.png\",\"width\":895,\"height\":465,\"caption\":\"processace.fi\"},\"image\":{\"@id\":\"https:\/\/processace.fi\/#\/schema\/logo\/image\/\"}}]}<\/script>\n<!-- \/ Yoast SEO plugin. -->","yoast_head_json":{"title":"Yritys - Process Ace Oy - Tamperelainen energiateollisuuden osaaja","description":"Tarjoamme palveluita projektinhoitoon, asennusvalvontaan ja tarkastuksiin, sek\u00e4 k\u00e4ytt\u00f6\u00f6nottoon liittyen.","robots":{"index":"index","follow":"follow","max-snippet":"max-snippet:-1","max-image-preview":"max-image-preview:large","max-video-preview":"max-video-preview:-1"},"canonical":"https:\/\/processace.fi\/es\/yritys-process-ace-oy\/","og_locale":"es_ES","og_type":"article","og_title":"Yritys - Process Ace Oy - Tamperelainen energiateollisuuden osaaja","og_description":"Tarjoamme palveluita projektinhoitoon, asennusvalvontaan ja tarkastuksiin, sek\u00e4 k\u00e4ytt\u00f6\u00f6nottoon liittyen.","og_url":"https:\/\/processace.fi\/es\/yritys-process-ace-oy\/","og_site_name":"processace.fi","article_modified_time":"2024-04-04T10:08:40+00:00","twitter_card":"summary_large_image","twitter_misc":{"Tiempo de lectura":"1 minuto"},"schema":{"@context":"https:\/\/schema.org","@graph":[{"@type":"WebPage","@id":"https:\/\/processace.fi\/yritys-process-ace-oy\/","url":"https:\/\/processace.fi\/yritys-process-ace-oy\/","name":"Yritys - Process Ace Oy - Tamperelainen energiateollisuuden osaaja","isPartOf":{"@id":"https:\/\/processace.fi\/#website"},"datePublished":"2021-11-21T15:14:19+00:00","dateModified":"2024-04-04T10:08:40+00:00","description":"Tarjoamme palveluita projektinhoitoon, asennusvalvontaan ja tarkastuksiin, sek\u00e4 k\u00e4ytt\u00f6\u00f6nottoon liittyen.","breadcrumb":{"@id":"https:\/\/processace.fi\/yritys-process-ace-oy\/#breadcrumb"},"inLanguage":"es","potentialAction":[{"@type":"ReadAction","target":["https:\/\/processace.fi\/yritys-process-ace-oy\/"]}]},{"@type":"BreadcrumbList","@id":"https:\/\/processace.fi\/yritys-process-ace-oy\/#breadcrumb","itemListElement":[{"@type":"ListItem","position":1,"name":"Etusivu","item":"https:\/\/processace.fi\/"},{"@type":"ListItem","position":2,"name":"Yritys"}]},{"@type":"WebSite","@id":"https:\/\/processace.fi\/#website","url":"https:\/\/processace.fi\/","name":"processace.fi","description":"Process Ace | Energia- ja Selluteollisuuden ammattilainen","publisher":{"@id":"https:\/\/processace.fi\/#organization"},"potentialAction":[{"@type":"SearchAction","target":{"@type":"EntryPoint","urlTemplate":"https:\/\/processace.fi\/?s={search_term_string}"},"query-input":"required name=search_term_string"}],"inLanguage":"es"},{"@type":"Organization","@id":"https:\/\/processace.fi\/#organization","name":"processace.fi","url":"https:\/\/processace.fi\/","logo":{"@type":"ImageObject","inLanguage":"es","@id":"https:\/\/processace.fi\/#\/schema\/logo\/image\/","url":"https:\/\/processace.fi\/wp-content\/uploads\/2024\/03\/Process-Ace-1.png","contentUrl":"https:\/\/processace.fi\/wp-content\/uploads\/2024\/03\/Process-Ace-1.png","width":895,"height":465,"caption":"processace.fi"},"image":{"@id":"https:\/\/processace.fi\/#\/schema\/logo\/image\/"}}]}},"_links":{"self":[{"href":"https:\/\/processace.fi\/es\/wp-json\/wp\/v2\/pages\/1710"}],"collection":[{"href":"https:\/\/processace.fi\/es\/wp-json\/wp\/v2\/pages"}],"about":[{"href":"https:\/\/processace.fi\/es\/wp-json\/wp\/v2\/types\/page"}],"author":[{"embeddable":true,"href":"https:\/\/processace.fi\/es\/wp-json\/wp\/v2\/users\/1"}],"replies":[{"embeddable":true,"href":"https:\/\/processace.fi\/es\/wp-json\/wp\/v2\/comments?post=1710"}],"version-history":[{"count":74,"href":"https:\/\/processace.fi\/es\/wp-json\/wp\/v2\/pages\/1710\/revisions"}],"predecessor-version":[{"id":2698,"href":"https:\/\/processace.fi\/es\/wp-json\/wp\/v2\/pages\/1710\/revisions\/2698"}],"wp:attachment":[{"href":"https:\/\/processace.fi\/es\/wp-json\/wp\/v2\/media?parent=1710"}],"curies":[{"name":"wp","href":"https:\/\/api.w.org\/{rel}","templated":true}]}}