{"id":1712,"date":"2021-11-21T15:14:44","date_gmt":"2021-11-21T15:14:44","guid":{"rendered":"https:\/\/processace.fi\/index.php\/contact\/"},"modified":"2025-12-18T10:05:40","modified_gmt":"2025-12-18T08:05:40","slug":"yhteystiedot-process-ace-oy","status":"publish","type":"page","link":"https:\/\/processace.fi\/es\/yhteystiedot-process-ace-oy\/","title":{"rendered":"Cont\u00e1ctanos"},"content":{"rendered":"<div data-elementor-type=\"wp-page\" data-elementor-id=\"1712\" class=\"elementor elementor-1712\">\n\t\t\t\t<div class=\"elementor-element elementor-element-f86c29d e-flex e-con-boxed e-con e-parent\" data-id=\"f86c29d\" data-element_type=\"container\" data-settings=\"{&quot;background_background&quot;:&quot;classic&quot;}\" data-core-v316-plus=\"true\">\n\t\t\t\t\t<div class=\"e-con-inner\">\n\t\t<div class=\"elementor-element elementor-element-c104332 e-flex e-con-boxed e-con e-child\" data-id=\"c104332\" data-element_type=\"container\">\n\t\t\t\t\t<div class=\"e-con-inner\">\n\t\t\t\t<div class=\"elementor-element elementor-element-6924f48 elementor-widget-tablet__width-initial elementor-widget-mobile__width-initial elementor-widget__width-initial elementor-widget elementor-widget-text-editor\" data-id=\"6924f48\" data-element_type=\"widget\" data-widget_type=\"text-editor.default\">\n\t\t\t\t<div class=\"elementor-widget-container\">\n\t\t\t<style>\/*! elementor - v3.20.0 - 13-03-2024 *\/\n.elementor-widget-text-editor.elementor-drop-cap-view-stacked .elementor-drop-cap{background-color:#69727d;color:#fff}.elementor-widget-text-editor.elementor-drop-cap-view-framed .elementor-drop-cap{color:#69727d;border:3px solid;background-color:transparent}.elementor-widget-text-editor:not(.elementor-drop-cap-view-default) .elementor-drop-cap{margin-top:8px}.elementor-widget-text-editor:not(.elementor-drop-cap-view-default) .elementor-drop-cap-letter{width:1em;height:1em}.elementor-widget-text-editor .elementor-drop-cap{float:left;text-align:center;line-height:1;font-size:50px}.elementor-widget-text-editor .elementor-drop-cap-letter{display:inline-block}<\/style>\t\t\t\t<p>Sea cual sea tu necesidad, en Process Ace encontramos la soluci\u00f3n perfecta para tu proyecto<\/p>\t\t\t\t\t\t<\/div>\n\t\t\t\t<\/div>\n\t\t\t\t\t<\/div>\n\t\t\t\t<\/div>\n\t\t\t\t\t<\/div>\n\t\t\t\t<\/div>\n\t\t<div class=\"elementor-element elementor-element-43028d4 e-flex e-con-boxed e-con e-parent\" data-id=\"43028d4\" data-element_type=\"container\" data-settings=\"{&quot;background_background&quot;:&quot;classic&quot;}\" data-core-v316-plus=\"true\">\n\t\t\t\t\t<div class=\"e-con-inner\">\n\t\t<div class=\"elementor-element elementor-element-1e48d85 e-con-full e-flex e-con e-child\" data-id=\"1e48d85\" data-element_type=\"container\">\n\t\t\t\t<div class=\"elementor-element elementor-element-d45f9e5 elementor-widget elementor-widget-heading\" data-id=\"d45f9e5\" data-element_type=\"widget\" data-widget_type=\"heading.default\">\n\t\t\t\t<div class=\"elementor-widget-container\">\n\t\t\t<style>\/*! elementor - v3.20.0 - 13-03-2024 *\/\n.elementor-heading-title{padding:0;margin:0;line-height:1}.elementor-widget-heading .elementor-heading-title[class*=elementor-size-]>a{color:inherit;font-size:inherit;line-height:inherit}.elementor-widget-heading .elementor-heading-title.elementor-size-small{font-size:15px}.elementor-widget-heading .elementor-heading-title.elementor-size-medium{font-size:19px}.elementor-widget-heading .elementor-heading-title.elementor-size-large{font-size:29px}.elementor-widget-heading .elementor-heading-title.elementor-size-xl{font-size:39px}.elementor-widget-heading .elementor-heading-title.elementor-size-xxl{font-size:59px}<\/style><h2 class=\"elementor-heading-title elementor-size-default\">Process Ace Oy<\/h2>\t\t<\/div>\n\t\t\t\t<\/div>\n\t\t\t\t<div class=\"elementor-element elementor-element-78dcfc6 elementor-widget elementor-widget-text-editor\" data-id=\"78dcfc6\" data-element_type=\"widget\" data-widget_type=\"text-editor.default\">\n\t\t\t\t<div class=\"elementor-widget-container\">\n\t\t\t\t\t\t\t<p><a href=\"https:\/\/www.google.com\/maps\/place\/Selininkatu+19,+33240+Tampere\/@61.5010831,23.7101364,17z\/data=!3m1!4b1!4m6!3m5!1s0x468ed890a38d6045:0x846e4d3c80d26c2d!8m2!3d61.5010806!4d23.7127113!16s%2Fg%2F11k6b6xzd7?entry=ttu\">Selininkatu 19, 33240 Tampere<\/a><\/p>\n<p><span style=\"font-style: inherit; font-weight: inherit;\">info@processace.fi<br>Y-tunnus: 2931034-4<\/span><\/p>\t\t\t\t\t\t<\/div>\n\t\t\t\t<\/div>\n\t\t\t\t<\/div>\n\t\t<div class=\"elementor-element elementor-element-2bf0d0e e-con-full e-flex e-con e-child\" data-id=\"2bf0d0e\" data-element_type=\"container\">\n\t\t\t\t<div class=\"elementor-element elementor-element-bec9d09 elementor-widget elementor-widget-heading\" data-id=\"bec9d09\" data-element_type=\"widget\" data-widget_type=\"heading.default\">\n\t\t\t\t<div class=\"elementor-widget-container\">\n\t\t\t<h2 class=\"elementor-heading-title elementor-size-default\">Contacto<\/h2>\t\t<\/div>\n\t\t\t\t<\/div>\n\t\t\t\t<div class=\"elementor-element elementor-element-3fe4e59 elementor-widget elementor-widget-text-editor\" data-id=\"3fe4e59\" data-element_type=\"widget\" data-widget_type=\"text-editor.default\">\n\t\t\t\t<div class=\"elementor-widget-container\">\n\t\t\t\t\t\t\t<p>Jukka Jurttila<\/p><p>Presidente del Consejo de Administraci\u00f3n<\/p><p><a href=\"tel:+358405029400\">+358405029400<\/a><\/p>\t\t\t\t\t\t<\/div>\n\t\t\t\t<\/div>\n\t\t\t\t<\/div>\n\t\t\t\t\t<\/div>\n\t\t\t\t<\/div>\n\t\t\t\t<\/div>","protected":false},"excerpt":{"rendered":"<p>&#8221;Oli tarpeesi millainen tahansa, me Process Acella autamme sinua l\u00f6yt\u00e4m\u00e4\u00e4n parhaan mahdollisen ratkaisun Process Ace Oy Selininkatu 19, 33240 Tampere info@processace.fiY-tunnus: 2931034-4 Yhteyshenkil\u00f6t Jukka Jurttila Hallituksen puheenjohtaja +358405029400<\/p>","protected":false},"author":1,"featured_media":0,"parent":0,"menu_order":0,"comment_status":"closed","ping_status":"closed","template":"elementor_header_footer","meta":{"site-sidebar-layout":"no-sidebar","site-content-layout":"page-builder","ast-site-content-layout":"full-width-container","site-content-style":"unboxed","site-sidebar-style":"unboxed","ast-global-header-display":"","ast-banner-title-visibility":"","ast-main-header-display":"","ast-hfb-above-header-display":"","ast-hfb-below-header-display":"","ast-hfb-mobile-header-display":"","site-post-title":"disabled","ast-breadcrumbs-content":"","ast-featured-img":"disabled","footer-sml-layout":"","theme-transparent-header-meta":"enabled","adv-header-id-meta":"","stick-header-meta":"","header-above-stick-meta":"","header-main-stick-meta":"","header-below-stick-meta":"","astra-migrate-meta-layouts":"set","ast-page-background-enabled":"default","ast-page-background-meta":{"desktop":{"background-color":"var(--ast-global-color-4)","background-image":"","background-repeat":"repeat","background-position":"center center","background-size":"auto","background-attachment":"scroll","background-type":"","background-media":"","overlay-type":"","overlay-color":"","overlay-gradient":""},"tablet":{"background-color":"","background-image":"","background-repeat":"repeat","background-position":"center center","background-size":"auto","background-attachment":"scroll","background-type":"","background-media":"","overlay-type":"","overlay-color":"","overlay-gradient":""},"mobile":{"background-color":"","background-image":"","background-repeat":"repeat","background-position":"center center","background-size":"auto","background-attachment":"scroll","background-type":"","background-media":"","overlay-type":"","overlay-color":"","overlay-gradient":""}},"ast-content-background-meta":{"desktop":{"background-color":"var(--ast-global-color-5)","background-image":"","background-repeat":"repeat","background-position":"center center","background-size":"auto","background-attachment":"scroll","background-type":"","background-media":"","overlay-type":"","overlay-color":"","overlay-gradient":""},"tablet":{"background-color":"var(--ast-global-color-5)","background-image":"","background-repeat":"repeat","background-position":"center center","background-size":"auto","background-attachment":"scroll","background-type":"","background-media":"","overlay-type":"","overlay-color":"","overlay-gradient":""},"mobile":{"background-color":"var(--ast-global-color-5)","background-image":"","background-repeat":"repeat","background-position":"center center","background-size":"auto","background-attachment":"scroll","background-type":"","background-media":"","overlay-type":"","overlay-color":"","overlay-gradient":""}},"footnotes":""},"yoast_head":"<!-- This site is optimized with the Yoast SEO plugin v22.3 - https:\/\/yoast.com\/wordpress\/plugins\/seo\/ -->\n<title>Yhteystiedot - Process Ace Oy - Ota yhteytt\u00e4<\/title>\n<meta name=\"description\" content=\"Yhteyshenkil\u00f6t: Jukka Jurttila Hallituksen puheenjohtaja +358405029400 | Process Ace Oy Selininkatu 19, 33240 Tampere.\" \/>\n<meta name=\"robots\" content=\"index, follow, max-snippet:-1, max-image-preview:large, max-video-preview:-1\" \/>\n<link rel=\"canonical\" href=\"https:\/\/processace.fi\/es\/yhteystiedot-process-ace-oy\/\" \/>\n<meta property=\"og:locale\" content=\"es_ES\" \/>\n<meta property=\"og:type\" content=\"article\" \/>\n<meta property=\"og:title\" content=\"Yhteystiedot - Process Ace Oy - Ota yhteytt\u00e4\" \/>\n<meta property=\"og:description\" content=\"Yhteyshenkil\u00f6t: Jukka Jurttila Hallituksen puheenjohtaja +358405029400 | Process Ace Oy Selininkatu 19, 33240 Tampere.\" \/>\n<meta property=\"og:url\" content=\"https:\/\/processace.fi\/es\/yhteystiedot-process-ace-oy\/\" \/>\n<meta property=\"og:site_name\" content=\"processace.fi\" \/>\n<meta property=\"article:modified_time\" content=\"2025-12-18T08:05:40+00:00\" \/>\n<meta name=\"twitter:card\" content=\"summary_large_image\" \/>\n<meta name=\"twitter:label1\" content=\"Tiempo de lectura\" \/>\n\t<meta name=\"twitter:data1\" content=\"1 minuto\" \/>\n<script type=\"application\/ld+json\" class=\"yoast-schema-graph\">{\"@context\":\"https:\/\/schema.org\",\"@graph\":[{\"@type\":\"WebPage\",\"@id\":\"https:\/\/processace.fi\/yhteystiedot-process-ace-oy\/\",\"url\":\"https:\/\/processace.fi\/yhteystiedot-process-ace-oy\/\",\"name\":\"Yhteystiedot - Process Ace Oy - Ota yhteytt\u00e4\",\"isPartOf\":{\"@id\":\"https:\/\/processace.fi\/#website\"},\"datePublished\":\"2021-11-21T15:14:44+00:00\",\"dateModified\":\"2025-12-18T08:05:40+00:00\",\"description\":\"Yhteyshenkil\u00f6t: Jukka Jurttila Hallituksen puheenjohtaja +358405029400 | Process Ace Oy Selininkatu 19, 33240 Tampere.\",\"breadcrumb\":{\"@id\":\"https:\/\/processace.fi\/yhteystiedot-process-ace-oy\/#breadcrumb\"},\"inLanguage\":\"es\",\"potentialAction\":[{\"@type\":\"ReadAction\",\"target\":[\"https:\/\/processace.fi\/yhteystiedot-process-ace-oy\/\"]}]},{\"@type\":\"BreadcrumbList\",\"@id\":\"https:\/\/processace.fi\/yhteystiedot-process-ace-oy\/#breadcrumb\",\"itemListElement\":[{\"@type\":\"ListItem\",\"position\":1,\"name\":\"Etusivu\",\"item\":\"https:\/\/processace.fi\/\"},{\"@type\":\"ListItem\",\"position\":2,\"name\":\"Yhteystiedot\"}]},{\"@type\":\"WebSite\",\"@id\":\"https:\/\/processace.fi\/#website\",\"url\":\"https:\/\/processace.fi\/\",\"name\":\"processace.fi\",\"description\":\"Process Ace | Energia- ja Selluteollisuuden ammattilainen\",\"publisher\":{\"@id\":\"https:\/\/processace.fi\/#organization\"},\"potentialAction\":[{\"@type\":\"SearchAction\",\"target\":{\"@type\":\"EntryPoint\",\"urlTemplate\":\"https:\/\/processace.fi\/?s={search_term_string}\"},\"query-input\":\"required name=search_term_string\"}],\"inLanguage\":\"es\"},{\"@type\":\"Organization\",\"@id\":\"https:\/\/processace.fi\/#organization\",\"name\":\"processace.fi\",\"url\":\"https:\/\/processace.fi\/\",\"logo\":{\"@type\":\"ImageObject\",\"inLanguage\":\"es\",\"@id\":\"https:\/\/processace.fi\/#\/schema\/logo\/image\/\",\"url\":\"https:\/\/processace.fi\/wp-content\/uploads\/2024\/03\/Process-Ace-1.png\",\"contentUrl\":\"https:\/\/processace.fi\/wp-content\/uploads\/2024\/03\/Process-Ace-1.png\",\"width\":895,\"height\":465,\"caption\":\"processace.fi\"},\"image\":{\"@id\":\"https:\/\/processace.fi\/#\/schema\/logo\/image\/\"}}]}<\/script>\n<!-- \/ Yoast SEO plugin. -->","yoast_head_json":{"title":"Yhteystiedot - Process Ace Oy - Ota yhteytt\u00e4","description":"Yhteyshenkil\u00f6t: Jukka Jurttila Hallituksen puheenjohtaja +358405029400 | Process Ace Oy Selininkatu 19, 33240 Tampere.","robots":{"index":"index","follow":"follow","max-snippet":"max-snippet:-1","max-image-preview":"max-image-preview:large","max-video-preview":"max-video-preview:-1"},"canonical":"https:\/\/processace.fi\/es\/yhteystiedot-process-ace-oy\/","og_locale":"es_ES","og_type":"article","og_title":"Yhteystiedot - Process Ace Oy - Ota yhteytt\u00e4","og_description":"Yhteyshenkil\u00f6t: Jukka Jurttila Hallituksen puheenjohtaja +358405029400 | Process Ace Oy Selininkatu 19, 33240 Tampere.","og_url":"https:\/\/processace.fi\/es\/yhteystiedot-process-ace-oy\/","og_site_name":"processace.fi","article_modified_time":"2025-12-18T08:05:40+00:00","twitter_card":"summary_large_image","twitter_misc":{"Tiempo de lectura":"1 minuto"},"schema":{"@context":"https:\/\/schema.org","@graph":[{"@type":"WebPage","@id":"https:\/\/processace.fi\/yhteystiedot-process-ace-oy\/","url":"https:\/\/processace.fi\/yhteystiedot-process-ace-oy\/","name":"Yhteystiedot - Process Ace Oy - Ota yhteytt\u00e4","isPartOf":{"@id":"https:\/\/processace.fi\/#website"},"datePublished":"2021-11-21T15:14:44+00:00","dateModified":"2025-12-18T08:05:40+00:00","description":"Yhteyshenkil\u00f6t: Jukka Jurttila Hallituksen puheenjohtaja +358405029400 | Process Ace Oy Selininkatu 19, 33240 Tampere.","breadcrumb":{"@id":"https:\/\/processace.fi\/yhteystiedot-process-ace-oy\/#breadcrumb"},"inLanguage":"es","potentialAction":[{"@type":"ReadAction","target":["https:\/\/processace.fi\/yhteystiedot-process-ace-oy\/"]}]},{"@type":"BreadcrumbList","@id":"https:\/\/processace.fi\/yhteystiedot-process-ace-oy\/#breadcrumb","itemListElement":[{"@type":"ListItem","position":1,"name":"Etusivu","item":"https:\/\/processace.fi\/"},{"@type":"ListItem","position":2,"name":"Yhteystiedot"}]},{"@type":"WebSite","@id":"https:\/\/processace.fi\/#website","url":"https:\/\/processace.fi\/","name":"processace.fi","description":"Process Ace | Energia- ja Selluteollisuuden ammattilainen","publisher":{"@id":"https:\/\/processace.fi\/#organization"},"potentialAction":[{"@type":"SearchAction","target":{"@type":"EntryPoint","urlTemplate":"https:\/\/processace.fi\/?s={search_term_string}"},"query-input":"required name=search_term_string"}],"inLanguage":"es"},{"@type":"Organization","@id":"https:\/\/processace.fi\/#organization","name":"processace.fi","url":"https:\/\/processace.fi\/","logo":{"@type":"ImageObject","inLanguage":"es","@id":"https:\/\/processace.fi\/#\/schema\/logo\/image\/","url":"https:\/\/processace.fi\/wp-content\/uploads\/2024\/03\/Process-Ace-1.png","contentUrl":"https:\/\/processace.fi\/wp-content\/uploads\/2024\/03\/Process-Ace-1.png","width":895,"height":465,"caption":"processace.fi"},"image":{"@id":"https:\/\/processace.fi\/#\/schema\/logo\/image\/"}}]}},"_links":{"self":[{"href":"https:\/\/processace.fi\/es\/wp-json\/wp\/v2\/pages\/1712"}],"collection":[{"href":"https:\/\/processace.fi\/es\/wp-json\/wp\/v2\/pages"}],"about":[{"href":"https:\/\/processace.fi\/es\/wp-json\/wp\/v2\/types\/page"}],"author":[{"embeddable":true,"href":"https:\/\/processace.fi\/es\/wp-json\/wp\/v2\/users\/1"}],"replies":[{"embeddable":true,"href":"https:\/\/processace.fi\/es\/wp-json\/wp\/v2\/comments?post=1712"}],"version-history":[{"count":101,"href":"https:\/\/processace.fi\/es\/wp-json\/wp\/v2\/pages\/1712\/revisions"}],"predecessor-version":[{"id":2741,"href":"https:\/\/processace.fi\/es\/wp-json\/wp\/v2\/pages\/1712\/revisions\/2741"}],"wp:attachment":[{"href":"https:\/\/processace.fi\/es\/wp-json\/wp\/v2\/media?parent=1712"}],"curies":[{"name":"wp","href":"https:\/\/api.w.org\/{rel}","templated":true}]}}