{"id":1830,"date":"2024-03-08T12:10:55","date_gmt":"2024-03-08T10:10:55","guid":{"rendered":"https:\/\/processace.fi\/?page_id=1830"},"modified":"2025-11-23T20:07:21","modified_gmt":"2025-11-23T18:07:21","slug":"referenssit-process-ace-oy","status":"publish","type":"page","link":"https:\/\/processace.fi\/es\/referenssit-process-ace-oy\/","title":{"rendered":"Referencias"},"content":{"rendered":"<div data-elementor-type=\"wp-page\" data-elementor-id=\"1830\" class=\"elementor elementor-1830\">\n\t\t\t\t<div class=\"elementor-element elementor-element-fbbeb15 e-flex e-con-boxed e-con e-parent\" data-id=\"fbbeb15\" data-element_type=\"container\" data-settings=\"{&quot;background_background&quot;:&quot;classic&quot;}\" data-core-v316-plus=\"true\">\n\t\t\t\t\t<div class=\"e-con-inner\">\n\t\t\t\t<div class=\"elementor-element elementor-element-aeb5c45 elementor-widget__width-initial animated-slow elementor-invisible elementor-widget elementor-widget-heading\" data-id=\"aeb5c45\" data-element_type=\"widget\" data-settings=\"{&quot;_animation&quot;:&quot;fadeIn&quot;}\" data-widget_type=\"heading.default\">\n\t\t\t\t<div class=\"elementor-widget-container\">\n\t\t\t<style>\/*! elementor - v3.20.0 - 13-03-2024 *\/\n.elementor-heading-title{padding:0;margin:0;line-height:1}.elementor-widget-heading .elementor-heading-title[class*=elementor-size-]>a{color:inherit;font-size:inherit;line-height:inherit}.elementor-widget-heading .elementor-heading-title.elementor-size-small{font-size:15px}.elementor-widget-heading .elementor-heading-title.elementor-size-medium{font-size:19px}.elementor-widget-heading .elementor-heading-title.elementor-size-large{font-size:29px}.elementor-widget-heading .elementor-heading-title.elementor-size-xl{font-size:39px}.elementor-widget-heading .elementor-heading-title.elementor-size-xxl{font-size:59px}<\/style><h2 class=\"elementor-heading-title elementor-size-default\">\u00c9xito sostenible junto a nuestros clientes<\/h2>\t\t<\/div>\n\t\t\t\t<\/div>\n\t\t\t\t\t<\/div>\n\t\t\t\t<\/div>\n\t\t<div class=\"elementor-element elementor-element-5d6b7c6 e-flex e-con-boxed e-con e-parent\" data-id=\"5d6b7c6\" data-element_type=\"container\" data-settings=\"{&quot;background_background&quot;:&quot;classic&quot;}\" data-core-v316-plus=\"true\">\n\t\t\t\t\t<div class=\"e-con-inner\">\n\t\t\t\t<div class=\"elementor-element elementor-element-223beda elementor-invisible elementor-widget elementor-widget-heading\" data-id=\"223beda\" data-element_type=\"widget\" data-settings=\"{&quot;_animation&quot;:&quot;fadeIn&quot;}\" data-widget_type=\"heading.default\">\n\t\t\t\t<div class=\"elementor-widget-container\">\n\t\t\t<h2 class=\"elementor-heading-title elementor-size-default\">Alianzas \u00e9xitosas, resultados satisfactorios<\/h2>\t\t<\/div>\n\t\t\t\t<\/div>\n\t\t\t\t<div class=\"elementor-element elementor-element-5e7230b elementor-widget__width-initial elementor-invisible elementor-widget elementor-widget-text-editor\" data-id=\"5e7230b\" data-element_type=\"widget\" data-settings=\"{&quot;_animation&quot;:&quot;fadeIn&quot;}\" data-widget_type=\"text-editor.default\">\n\t\t\t\t<div class=\"elementor-widget-container\">\n\t\t\t<style>\/*! elementor - v3.20.0 - 13-03-2024 *\/\n.elementor-widget-text-editor.elementor-drop-cap-view-stacked .elementor-drop-cap{background-color:#69727d;color:#fff}.elementor-widget-text-editor.elementor-drop-cap-view-framed .elementor-drop-cap{color:#69727d;border:3px solid;background-color:transparent}.elementor-widget-text-editor:not(.elementor-drop-cap-view-default) .elementor-drop-cap{margin-top:8px}.elementor-widget-text-editor:not(.elementor-drop-cap-view-default) .elementor-drop-cap-letter{width:1em;height:1em}.elementor-widget-text-editor .elementor-drop-cap{float:left;text-align:center;line-height:1;font-size:50px}.elementor-widget-text-editor .elementor-drop-cap-letter{display:inline-block}<\/style>\t\t\t\t<p>Estamos orgullosos de haber trabajado con numerosos clientes de prestigio y de haber construido junto a ellos relaciones de colaboraci\u00f3n duraderas.<\/p>\t\t\t\t\t\t<\/div>\n\t\t\t\t<\/div>\n\t\t\t\t<div class=\"elementor-element elementor-element-586e39c animated-slow elementor-widget-divider--view-line elementor-invisible elementor-widget elementor-widget-divider\" data-id=\"586e39c\" data-element_type=\"widget\" data-settings=\"{&quot;_animation&quot;:&quot;fadeIn&quot;}\" data-widget_type=\"divider.default\">\n\t\t\t\t<div class=\"elementor-widget-container\">\n\t\t\t<style>\/*! elementor - v3.20.0 - 13-03-2024 *\/\n.elementor-widget-divider{--divider-border-style:none;--divider-border-width:1px;--divider-color:#0c0d0e;--divider-icon-size:20px;--divider-element-spacing:10px;--divider-pattern-height:24px;--divider-pattern-size:20px;--divider-pattern-url:none;--divider-pattern-repeat:repeat-x}.elementor-widget-divider .elementor-divider{display:flex}.elementor-widget-divider .elementor-divider__text{font-size:15px;line-height:1;max-width:95%}.elementor-widget-divider .elementor-divider__element{margin:0 var(--divider-element-spacing);flex-shrink:0}.elementor-widget-divider .elementor-icon{font-size:var(--divider-icon-size)}.elementor-widget-divider .elementor-divider-separator{display:flex;margin:0;direction:ltr}.elementor-widget-divider--view-line_icon .elementor-divider-separator,.elementor-widget-divider--view-line_text .elementor-divider-separator{align-items:center}.elementor-widget-divider--view-line_icon .elementor-divider-separator:after,.elementor-widget-divider--view-line_icon .elementor-divider-separator:before,.elementor-widget-divider--view-line_text .elementor-divider-separator:after,.elementor-widget-divider--view-line_text .elementor-divider-separator:before{display:block;content:\"\";border-block-end:0;flex-grow:1;border-block-start:var(--divider-border-width) var(--divider-border-style) var(--divider-color)}.elementor-widget-divider--element-align-left .elementor-divider .elementor-divider-separator>.elementor-divider__svg:first-of-type{flex-grow:0;flex-shrink:100}.elementor-widget-divider--element-align-left .elementor-divider-separator:before{content:none}.elementor-widget-divider--element-align-left .elementor-divider__element{margin-left:0}.elementor-widget-divider--element-align-right .elementor-divider .elementor-divider-separator>.elementor-divider__svg:last-of-type{flex-grow:0;flex-shrink:100}.elementor-widget-divider--element-align-right .elementor-divider-separator:after{content:none}.elementor-widget-divider--element-align-right .elementor-divider__element{margin-right:0}.elementor-widget-divider--element-align-start .elementor-divider .elementor-divider-separator>.elementor-divider__svg:first-of-type{flex-grow:0;flex-shrink:100}.elementor-widget-divider--element-align-start .elementor-divider-separator:before{content:none}.elementor-widget-divider--element-align-start .elementor-divider__element{margin-inline-start:0}.elementor-widget-divider--element-align-end .elementor-divider .elementor-divider-separator>.elementor-divider__svg:last-of-type{flex-grow:0;flex-shrink:100}.elementor-widget-divider--element-align-end .elementor-divider-separator:after{content:none}.elementor-widget-divider--element-align-end .elementor-divider__element{margin-inline-end:0}.elementor-widget-divider:not(.elementor-widget-divider--view-line_text):not(.elementor-widget-divider--view-line_icon) .elementor-divider-separator{border-block-start:var(--divider-border-width) var(--divider-border-style) var(--divider-color)}.elementor-widget-divider--separator-type-pattern{--divider-border-style:none}.elementor-widget-divider--separator-type-pattern.elementor-widget-divider--view-line .elementor-divider-separator,.elementor-widget-divider--separator-type-pattern:not(.elementor-widget-divider--view-line) .elementor-divider-separator:after,.elementor-widget-divider--separator-type-pattern:not(.elementor-widget-divider--view-line) .elementor-divider-separator:before,.elementor-widget-divider--separator-type-pattern:not([class*=elementor-widget-divider--view]) .elementor-divider-separator{width:100%;min-height:var(--divider-pattern-height);-webkit-mask-size:var(--divider-pattern-size) 100%;mask-size:var(--divider-pattern-size) 100%;-webkit-mask-repeat:var(--divider-pattern-repeat);mask-repeat:var(--divider-pattern-repeat);background-color:var(--divider-color);-webkit-mask-image:var(--divider-pattern-url);mask-image:var(--divider-pattern-url)}.elementor-widget-divider--no-spacing{--divider-pattern-size:auto}.elementor-widget-divider--bg-round{--divider-pattern-repeat:round}.rtl .elementor-widget-divider .elementor-divider__text{direction:rtl}.e-con-inner>.elementor-widget-divider,.e-con>.elementor-widget-divider{width:var(--container-widget-width,100%);--flex-grow:var(--container-widget-flex-grow)}<\/style>\t\t<div class=\"elementor-divider\">\n\t\t\t<span class=\"elementor-divider-separator\">\n\t\t\t\t\t\t<\/span>\n\t\t<\/div>\n\t\t\t\t<\/div>\n\t\t\t\t<\/div>\n\t\t\t\t\t<\/div>\n\t\t\t\t<\/div>\n\t\t<div class=\"elementor-element elementor-element-7bcc7ef e-flex e-con-boxed e-con e-parent\" data-id=\"7bcc7ef\" data-element_type=\"container\" data-settings=\"{&quot;background_background&quot;:&quot;classic&quot;}\" data-core-v316-plus=\"true\">\n\t\t\t\t\t<div class=\"e-con-inner\">\n\t\t<div class=\"elementor-element elementor-element-cc45180 e-con-full e-flex e-con e-child\" data-id=\"cc45180\" data-element_type=\"container\">\n\t\t\t\t<div class=\"elementor-element elementor-element-e2f6640 elementor-invisible elementor-widget elementor-widget-heading\" data-id=\"e2f6640\" data-element_type=\"widget\" data-settings=\"{&quot;_animation&quot;:&quot;fadeIn&quot;}\" data-widget_type=\"heading.default\">\n\t\t\t\t<div class=\"elementor-widget-container\">\n\t\t\t<h2 class=\"elementor-heading-title elementor-size-default\">Clientes principales<\/h2>\t\t<\/div>\n\t\t\t\t<\/div>\n\t\t\t\t<div class=\"elementor-element elementor-element-9892afc elementor-invisible elementor-widget elementor-widget-text-editor\" data-id=\"9892afc\" data-element_type=\"widget\" data-settings=\"{&quot;_animation&quot;:&quot;fadeIn&quot;}\" data-widget_type=\"text-editor.default\">\n\t\t\t\t<div class=\"elementor-widget-container\">\n\t\t\t\t\t\t\t<p><a href=\"https:\/\/afry.com\/fi-fi\">Afry Finlandia Oy<\/a><\/p><p><a href=\"https:\/\/www.andritz.com\/environmental-solutions-en\">Andritz Oy<\/a><\/p><p><a href=\"https:\/\/www.fortum.com\/\">Fortum Power and Heat Oy<\/a><\/p><p><a href=\"https:\/\/www.shi-fw.com\/\">Sumitomo SHI FW (SFW)<\/a><\/p><p><a href=\"https:\/\/www.valmet.com\/\">Valmet Technologies Oy<\/a><\/p>\t\t\t\t\t\t<\/div>\n\t\t\t\t<\/div>\n\t\t\t\t<\/div>\n\t\t<div class=\"elementor-element elementor-element-9b957e5 e-con-full e-flex e-con e-child\" data-id=\"9b957e5\" data-element_type=\"container\">\n\t\t\t\t<div class=\"elementor-element elementor-element-2b90513 elementor-invisible elementor-widget elementor-widget-heading\" data-id=\"2b90513\" data-element_type=\"widget\" data-settings=\"{&quot;_animation&quot;:&quot;fadeIn&quot;}\" data-widget_type=\"heading.default\">\n\t\t\t\t<div class=\"elementor-widget-container\">\n\t\t\t<h2 class=\"elementor-heading-title elementor-size-default\">Referencias<\/h2>\t\t<\/div>\n\t\t\t\t<\/div>\n\t\t\t\t<div class=\"elementor-element elementor-element-dd591fc elementor-invisible elementor-widget elementor-widget-text-editor\" data-id=\"dd591fc\" data-element_type=\"widget\" data-settings=\"{&quot;_animation&quot;:&quot;fadeIn&quot;}\" data-widget_type=\"text-editor.default\">\n\t\t\t\t<div class=\"elementor-widget-container\">\n\t\t\t\t\t\t\t<p>2018 RB Rep\u00fablica Checa, Valmet Technologies Oy<\/p><p>2019 CFB Dinamarca, Valmet Technologies Oy<\/p><p>2019 Gasificador China, Andritz Oy<\/p><p>2020 CFB Finlandia, Sumitomo SHI FW<\/p><p>2021 BFB y RB Brasil, Andritz Oy<\/p><p>2022 RB China, Valmet Technologies Oy<\/p><p>2023 BFB Portugal, Valmet Technologies Oy<\/p>\t\t\t\t\t\t<\/div>\n\t\t\t\t<\/div>\n\t\t\t\t<\/div>\n\t\t\t\t\t<\/div>\n\t\t\t\t<\/div>\n\t\t<div class=\"elementor-element elementor-element-8cde3a5 e-flex e-con-boxed e-con e-parent\" data-id=\"8cde3a5\" data-element_type=\"container\" data-settings=\"{&quot;background_background&quot;:&quot;classic&quot;}\" data-core-v316-plus=\"true\">\n\t\t\t\t\t<div class=\"e-con-inner\">\n\t\t\t\t<div class=\"elementor-element elementor-element-4d330d3 animated-slow elementor-widget-divider--view-line elementor-invisible elementor-widget elementor-widget-divider\" data-id=\"4d330d3\" data-element_type=\"widget\" data-settings=\"{&quot;_animation&quot;:&quot;fadeIn&quot;}\" data-widget_type=\"divider.default\">\n\t\t\t\t<div class=\"elementor-widget-container\">\n\t\t\t\t\t<div class=\"elementor-divider\">\n\t\t\t<span class=\"elementor-divider-separator\">\n\t\t\t\t\t\t<\/span>\n\t\t<\/div>\n\t\t\t\t<\/div>\n\t\t\t\t<\/div>\n\t\t\t\t<div class=\"elementor-element elementor-element-b038f1f elementor-widget-mobile__width-initial elementor-widget elementor-widget-heading\" data-id=\"b038f1f\" data-element_type=\"widget\" data-widget_type=\"heading.default\">\n\t\t\t\t<div class=\"elementor-widget-container\">\n\t\t\t<h2 class=\"elementor-heading-title elementor-size-default\">Cons\u00faltanos! Con gusto te proporcionaremos m\u00e1s informaci\u00f3n sobre nuestras referencias.<\/h2>\t\t<\/div>\n\t\t\t\t<\/div>\n\t\t\t\t<div class=\"elementor-element elementor-element-af90316 elementor-align-center e-transform elementor-widget elementor-widget-button\" data-id=\"af90316\" data-element_type=\"widget\" data-settings=\"{&quot;_transform_skewX_effect_hover&quot;:{&quot;unit&quot;:&quot;px&quot;,&quot;size&quot;:&quot;&quot;,&quot;sizes&quot;:[]},&quot;_transform_skewX_effect_hover_tablet&quot;:{&quot;unit&quot;:&quot;deg&quot;,&quot;size&quot;:&quot;&quot;,&quot;sizes&quot;:[]},&quot;_transform_skewX_effect_hover_mobile&quot;:{&quot;unit&quot;:&quot;deg&quot;,&quot;size&quot;:&quot;&quot;,&quot;sizes&quot;:[]},&quot;_transform_skewY_effect_hover&quot;:{&quot;unit&quot;:&quot;px&quot;,&quot;size&quot;:&quot;&quot;,&quot;sizes&quot;:[]},&quot;_transform_skewY_effect_hover_tablet&quot;:{&quot;unit&quot;:&quot;deg&quot;,&quot;size&quot;:&quot;&quot;,&quot;sizes&quot;:[]},&quot;_transform_skewY_effect_hover_mobile&quot;:{&quot;unit&quot;:&quot;deg&quot;,&quot;size&quot;:&quot;&quot;,&quot;sizes&quot;:[]}}\" data-widget_type=\"button.default\">\n\t\t\t\t<div class=\"elementor-widget-container\">\n\t\t\t\t\t<div class=\"elementor-button-wrapper\">\n\t\t\t<a class=\"elementor-button elementor-button-link elementor-size-sm elementor-animation-grow\" href=\"https:\/\/processace.fi\/es\/yhteystiedot\/\">\n\t\t\t\t\t\t<span class=\"elementor-button-content-wrapper\">\n\t\t\t\t\t\t<span class=\"elementor-button-text\">P\u00f3ngase en contacto con nosotros<\/span>\n\t\t<\/span>\n\t\t\t\t\t<\/a>\n\t\t<\/div>\n\t\t\t\t<\/div>\n\t\t\t\t<\/div>\n\t\t\t\t\t<\/div>\n\t\t\t\t<\/div>\n\t\t\t\t<\/div>","protected":false},"excerpt":{"rendered":"<p>&#8221;Kest\u00e4v\u00e4\u00e4 menestyst\u00e4 yhdess\u00e4 asiakkaidemme kanssa Onnistuineita kumppanuuksia, tyytyv\u00e4isi\u00e4 tuloksia Olemme ylpeit\u00e4 siit\u00e4, ett\u00e4 olemme saaneet ty\u00f6skennell\u00e4 monien arvostettujen asiakkaiden kanssa ja rakentaneet kanssanne kest\u00e4vi\u00e4 kumppanuuksia. P\u00e4\u00e4asiakkuudet Afry Finland Oy Andritz Oy Fortum Power and Heat Oy Sumitomo SHI FW (SFW) Valmet Technologies Oy Referenssit 2018 RB Tshekki, Valmet Technologies Oy 2019 CFB Tanska, Valmet Technologies [&hellip;]<\/p>","protected":false},"author":1,"featured_media":0,"parent":0,"menu_order":0,"comment_status":"closed","ping_status":"closed","template":"","meta":{"site-sidebar-layout":"no-sidebar","site-content-layout":"page-builder","ast-site-content-layout":"full-width-container","site-content-style":"default","site-sidebar-style":"default","ast-global-header-display":"","ast-banner-title-visibility":"","ast-main-header-display":"","ast-hfb-above-header-display":"","ast-hfb-below-header-display":"","ast-hfb-mobile-header-display":"","site-post-title":"disabled","ast-breadcrumbs-content":"","ast-featured-img":"disabled","footer-sml-layout":"","theme-transparent-header-meta":"","adv-header-id-meta":"","stick-header-meta":"","header-above-stick-meta":"","header-main-stick-meta":"","header-below-stick-meta":"","astra-migrate-meta-layouts":"set","ast-page-background-enabled":"default","ast-page-background-meta":{"desktop":{"background-color":"var(--ast-global-color-4)","background-image":"","background-repeat":"repeat","background-position":"center center","background-size":"auto","background-attachment":"scroll","background-type":"","background-media":"","overlay-type":"","overlay-color":"","overlay-gradient":""},"tablet":{"background-color":"","background-image":"","background-repeat":"repeat","background-position":"center center","background-size":"auto","background-attachment":"scroll","background-type":"","background-media":"","overlay-type":"","overlay-color":"","overlay-gradient":""},"mobile":{"background-color":"","background-image":"","background-repeat":"repeat","background-position":"center center","background-size":"auto","background-attachment":"scroll","background-type":"","background-media":"","overlay-type":"","overlay-color":"","overlay-gradient":""}},"ast-content-background-meta":{"desktop":{"background-color":"var(--ast-global-color-5)","background-image":"","background-repeat":"repeat","background-position":"center center","background-size":"auto","background-attachment":"scroll","background-type":"","background-media":"","overlay-type":"","overlay-color":"","overlay-gradient":""},"tablet":{"background-color":"var(--ast-global-color-5)","background-image":"","background-repeat":"repeat","background-position":"center center","background-size":"auto","background-attachment":"scroll","background-type":"","background-media":"","overlay-type":"","overlay-color":"","overlay-gradient":""},"mobile":{"background-color":"var(--ast-global-color-5)","background-image":"","background-repeat":"repeat","background-position":"center center","background-size":"auto","background-attachment":"scroll","background-type":"","background-media":"","overlay-type":"","overlay-color":"","overlay-gradient":""}},"footnotes":""},"yoast_head":"<!-- This site is optimized with the Yoast SEO plugin v22.3 - https:\/\/yoast.com\/wordpress\/plugins\/seo\/ -->\n<title>Referenssit - Process Ace Oy - Onnistuneita kumppanuuksia<\/title>\n<meta name=\"description\" content=\"Asiakkainamme ovat olleen p\u00e4\u00e4osin sellu- ja energiateollisuuden globaalit suuryritykset, kuten Valmet Technologies Oy ja Andritz Oy.\" \/>\n<meta name=\"robots\" content=\"index, follow, max-snippet:-1, max-image-preview:large, max-video-preview:-1\" \/>\n<link rel=\"canonical\" href=\"https:\/\/processace.fi\/es\/referenssit-process-ace-oy\/\" \/>\n<meta property=\"og:locale\" content=\"es_ES\" \/>\n<meta property=\"og:type\" content=\"article\" \/>\n<meta property=\"og:title\" content=\"Referenssit - Process Ace Oy - Onnistuneita kumppanuuksia\" \/>\n<meta property=\"og:description\" content=\"Asiakkainamme ovat olleen p\u00e4\u00e4osin sellu- ja energiateollisuuden globaalit suuryritykset, kuten Valmet Technologies Oy ja Andritz Oy.\" \/>\n<meta property=\"og:url\" content=\"https:\/\/processace.fi\/es\/referenssit-process-ace-oy\/\" \/>\n<meta property=\"og:site_name\" content=\"processace.fi\" \/>\n<meta property=\"article:modified_time\" content=\"2025-11-23T18:07:21+00:00\" \/>\n<meta name=\"twitter:card\" content=\"summary_large_image\" \/>\n<meta name=\"twitter:label1\" content=\"Tiempo de lectura\" \/>\n\t<meta name=\"twitter:data1\" content=\"1 minuto\" \/>\n<script type=\"application\/ld+json\" class=\"yoast-schema-graph\">{\"@context\":\"https:\/\/schema.org\",\"@graph\":[{\"@type\":\"WebPage\",\"@id\":\"https:\/\/processace.fi\/referenssit-process-ace-oy\/\",\"url\":\"https:\/\/processace.fi\/referenssit-process-ace-oy\/\",\"name\":\"Referenssit - Process Ace Oy - Onnistuneita kumppanuuksia\",\"isPartOf\":{\"@id\":\"https:\/\/processace.fi\/#website\"},\"datePublished\":\"2024-03-08T10:10:55+00:00\",\"dateModified\":\"2025-11-23T18:07:21+00:00\",\"description\":\"Asiakkainamme ovat olleen p\u00e4\u00e4osin sellu- ja energiateollisuuden globaalit suuryritykset, kuten Valmet Technologies Oy ja Andritz Oy.\",\"breadcrumb\":{\"@id\":\"https:\/\/processace.fi\/referenssit-process-ace-oy\/#breadcrumb\"},\"inLanguage\":\"es\",\"potentialAction\":[{\"@type\":\"ReadAction\",\"target\":[\"https:\/\/processace.fi\/referenssit-process-ace-oy\/\"]}]},{\"@type\":\"BreadcrumbList\",\"@id\":\"https:\/\/processace.fi\/referenssit-process-ace-oy\/#breadcrumb\",\"itemListElement\":[{\"@type\":\"ListItem\",\"position\":1,\"name\":\"Etusivu\",\"item\":\"https:\/\/processace.fi\/\"},{\"@type\":\"ListItem\",\"position\":2,\"name\":\"Referenssit\"}]},{\"@type\":\"WebSite\",\"@id\":\"https:\/\/processace.fi\/#website\",\"url\":\"https:\/\/processace.fi\/\",\"name\":\"processace.fi\",\"description\":\"Process Ace | Energia- ja Selluteollisuuden ammattilainen\",\"publisher\":{\"@id\":\"https:\/\/processace.fi\/#organization\"},\"potentialAction\":[{\"@type\":\"SearchAction\",\"target\":{\"@type\":\"EntryPoint\",\"urlTemplate\":\"https:\/\/processace.fi\/?s={search_term_string}\"},\"query-input\":\"required name=search_term_string\"}],\"inLanguage\":\"es\"},{\"@type\":\"Organization\",\"@id\":\"https:\/\/processace.fi\/#organization\",\"name\":\"processace.fi\",\"url\":\"https:\/\/processace.fi\/\",\"logo\":{\"@type\":\"ImageObject\",\"inLanguage\":\"es\",\"@id\":\"https:\/\/processace.fi\/#\/schema\/logo\/image\/\",\"url\":\"https:\/\/processace.fi\/wp-content\/uploads\/2024\/03\/Process-Ace-1.png\",\"contentUrl\":\"https:\/\/processace.fi\/wp-content\/uploads\/2024\/03\/Process-Ace-1.png\",\"width\":895,\"height\":465,\"caption\":\"processace.fi\"},\"image\":{\"@id\":\"https:\/\/processace.fi\/#\/schema\/logo\/image\/\"}}]}<\/script>\n<!-- \/ Yoast SEO plugin. -->","yoast_head_json":{"title":"Referenssit - Process Ace Oy - Onnistuneita kumppanuuksia","description":"Asiakkainamme ovat olleen p\u00e4\u00e4osin sellu- ja energiateollisuuden globaalit suuryritykset, kuten Valmet Technologies Oy ja Andritz Oy.","robots":{"index":"index","follow":"follow","max-snippet":"max-snippet:-1","max-image-preview":"max-image-preview:large","max-video-preview":"max-video-preview:-1"},"canonical":"https:\/\/processace.fi\/es\/referenssit-process-ace-oy\/","og_locale":"es_ES","og_type":"article","og_title":"Referenssit - Process Ace Oy - Onnistuneita kumppanuuksia","og_description":"Asiakkainamme ovat olleen p\u00e4\u00e4osin sellu- ja energiateollisuuden globaalit suuryritykset, kuten Valmet Technologies Oy ja Andritz Oy.","og_url":"https:\/\/processace.fi\/es\/referenssit-process-ace-oy\/","og_site_name":"processace.fi","article_modified_time":"2025-11-23T18:07:21+00:00","twitter_card":"summary_large_image","twitter_misc":{"Tiempo de lectura":"1 minuto"},"schema":{"@context":"https:\/\/schema.org","@graph":[{"@type":"WebPage","@id":"https:\/\/processace.fi\/referenssit-process-ace-oy\/","url":"https:\/\/processace.fi\/referenssit-process-ace-oy\/","name":"Referenssit - Process Ace Oy - Onnistuneita kumppanuuksia","isPartOf":{"@id":"https:\/\/processace.fi\/#website"},"datePublished":"2024-03-08T10:10:55+00:00","dateModified":"2025-11-23T18:07:21+00:00","description":"Asiakkainamme ovat olleen p\u00e4\u00e4osin sellu- ja energiateollisuuden globaalit suuryritykset, kuten Valmet Technologies Oy ja Andritz Oy.","breadcrumb":{"@id":"https:\/\/processace.fi\/referenssit-process-ace-oy\/#breadcrumb"},"inLanguage":"es","potentialAction":[{"@type":"ReadAction","target":["https:\/\/processace.fi\/referenssit-process-ace-oy\/"]}]},{"@type":"BreadcrumbList","@id":"https:\/\/processace.fi\/referenssit-process-ace-oy\/#breadcrumb","itemListElement":[{"@type":"ListItem","position":1,"name":"Etusivu","item":"https:\/\/processace.fi\/"},{"@type":"ListItem","position":2,"name":"Referenssit"}]},{"@type":"WebSite","@id":"https:\/\/processace.fi\/#website","url":"https:\/\/processace.fi\/","name":"processace.fi","description":"Process Ace | Energia- ja Selluteollisuuden ammattilainen","publisher":{"@id":"https:\/\/processace.fi\/#organization"},"potentialAction":[{"@type":"SearchAction","target":{"@type":"EntryPoint","urlTemplate":"https:\/\/processace.fi\/?s={search_term_string}"},"query-input":"required name=search_term_string"}],"inLanguage":"es"},{"@type":"Organization","@id":"https:\/\/processace.fi\/#organization","name":"processace.fi","url":"https:\/\/processace.fi\/","logo":{"@type":"ImageObject","inLanguage":"es","@id":"https:\/\/processace.fi\/#\/schema\/logo\/image\/","url":"https:\/\/processace.fi\/wp-content\/uploads\/2024\/03\/Process-Ace-1.png","contentUrl":"https:\/\/processace.fi\/wp-content\/uploads\/2024\/03\/Process-Ace-1.png","width":895,"height":465,"caption":"processace.fi"},"image":{"@id":"https:\/\/processace.fi\/#\/schema\/logo\/image\/"}}]}},"_links":{"self":[{"href":"https:\/\/processace.fi\/es\/wp-json\/wp\/v2\/pages\/1830"}],"collection":[{"href":"https:\/\/processace.fi\/es\/wp-json\/wp\/v2\/pages"}],"about":[{"href":"https:\/\/processace.fi\/es\/wp-json\/wp\/v2\/types\/page"}],"author":[{"embeddable":true,"href":"https:\/\/processace.fi\/es\/wp-json\/wp\/v2\/users\/1"}],"replies":[{"embeddable":true,"href":"https:\/\/processace.fi\/es\/wp-json\/wp\/v2\/comments?post=1830"}],"version-history":[{"count":98,"href":"https:\/\/processace.fi\/es\/wp-json\/wp\/v2\/pages\/1830\/revisions"}],"predecessor-version":[{"id":2717,"href":"https:\/\/processace.fi\/es\/wp-json\/wp\/v2\/pages\/1830\/revisions\/2717"}],"wp:attachment":[{"href":"https:\/\/processace.fi\/es\/wp-json\/wp\/v2\/media?parent=1830"}],"curies":[{"name":"wp","href":"https:\/\/api.w.org\/{rel}","templated":true}]}}